{"id":1455,"date":"2020-02-24T13:10:35","date_gmt":"2020-02-24T12:10:35","guid":{"rendered":"http:\/\/auditel.dev72.tembo.xyz\/opt-out\/"},"modified":"2020-03-26T12:43:28","modified_gmt":"2020-03-26T11:43:28","slug":"opt-out","status":"publish","type":"page","link":"https:\/\/www.auditel.it\/en\/opt-out\/","title":{"rendered":"opt-out"},"content":{"rendered":"\n<p>Explanation text <\/p>\n\n\n\n<p>Per confermare la disattivazione della raccolta di dati tramite SDK per la ricerca Auditel \u201cSistema di misurazione dei device digitali\u201d associati al browser, l\u2019utente pu\u00f2 <a href=\"https:\/\/www.auditel.it\/opt-out-execute\">cliccare&nbsp;qui<\/a>.<\/p>\n\n\n\n<p>Auditel continuer\u00e0 a monitorare\nla connessione del browser a un sito, ma tale conteggio non sar\u00e0 associato al\nbrowser dell&#8217;utente. Tuttavia, \u00e8 importante capire che questo opt-out \u00e8 basato\nsu cookie (vale a dire, deve essere presente un cookie sul computer che\ncomunichi ai sistemi Auditel la scelta di non partecipare). Quindi, se si\neliminano, si bloccano o si limitano i cookie, questo opt-out potrebbe non\nessere efficace. Inoltre, poich\u00e9 diversi computer e diversi browser Internet\nrichiedono tutti la propria versione del cookie di opt-out, \u00e8 necessario\neseguire questa procedura di opt-out su qualsiasi computer e browser sul quale\nsi desidera eseguire l&#8217;opt-out.<\/p>\n\n\n\n<p>L\u2019utente pu\u00f2 sempre consultare la\nPrivacy Policy di Auditel in merito alla raccolta di dati personali tramite il\nSistema Auditel di misurazione dei device digitali al seguente link:&nbsp;<a href=\"https:\/\/www.auditel.it\/privacy-policy\/\">https:\/\/www.auditel.it\/privacy-policy\/<\/a><\/p>\n\n\n\n<p><strong>Inglese <\/strong><\/p>\n\n\n\n<p>Auditel uses cookies to collect data for Auditel\u2019s \u201cDigital Device Measuring System.\u201d To opt-out of this research, please <a href=\"https:\/\/www.auditel.it\/opt-out-execute\">click here<\/a>. <\/p>\n\n\n\n<p>By clicking on the link, a cookie will be\nplaced on your browser which will continue to identify the instance where a\nuser visited a website, but it will prevent the association of the event with your\nbrowser or otherwise identify you beyond merely counting your visit. <\/p>\n\n\n\n<p>It is &nbsp;important that you understand that this\nopt-out is cookie based (i.e., a cookie must be on your computer to tell our\nsystems that you have opted-out). If you delete, block, or otherwise restrict\ncookies on your browser, this opt-out may not be effective. Additionally,\nbecause different computers and different Internet browsers all require their\nown version of the opt-out cookie, you need to perform this opt-out process on\nany computers and browsers that you want to be opted-out.<\/p>\n\n\n\n<p>The user can consult Auditel&#8217;s Privacy Policy regarding the collection of personal data through Auditel Digital Device Measuring System at the following link: <a href=\"https:\/\/www.auditel.it\/privacy-policy\/\">https:\/\/www.auditel.it\/privacy-policy\/<\/a><\/p>\n","protected":false},"excerpt":{"rendered":"<p>Explanation text Per confermare la disattivazione della raccolta di dati tramite SDK per la ricerca Auditel \u201cSistema di misurazione dei device digitali\u201d associati al browser, l\u2019utente pu\u00f2 cliccare&nbsp;qui. Auditel continuer\u00e0 a monitorare la connessione del browser a un sito, ma tale conteggio non sar\u00e0 associato al browser dell&#8217;utente. Tuttavia, \u00e8 importante capire che questo opt-out &hellip; <a href=\"https:\/\/www.auditel.it\/en\/opt-out\/\" class=\"more-link\">Continue reading<span class=\"screen-reader-text\"> &#8220;opt-out&#8221;<\/span><\/a><\/p>\n","protected":false},"author":1,"featured_media":0,"parent":0,"menu_order":0,"comment_status":"closed","ping_status":"closed","template":"","meta":{"_acf_changed":false,"footnotes":""},"class_list":["post-1455","page","type-page","status-publish","hentry"],"acf":[],"yoast_head":"<!-- This site is optimized with the Yoast SEO plugin v27.3 - https:\/\/yoast.com\/product\/yoast-seo-wordpress\/ -->\n<title>opt-out - Auditel<\/title>\n<meta name=\"robots\" content=\"index, follow, max-snippet:-1, max-image-preview:large, max-video-preview:-1\" \/>\n<link rel=\"canonical\" href=\"https:\/\/www.auditel.it\/en\/opt-out\/\" \/>\n<meta property=\"og:locale\" content=\"en_US\" \/>\n<meta property=\"og:type\" content=\"article\" \/>\n<meta property=\"og:title\" content=\"opt-out - Auditel\" \/>\n<meta property=\"og:description\" content=\"Explanation text Per confermare la disattivazione della raccolta di dati tramite SDK per la ricerca Auditel \u201cSistema di misurazione dei device digitali\u201d associati al browser, l\u2019utente pu\u00f2 cliccare&nbsp;qui. Auditel continuer\u00e0 a monitorare la connessione del browser a un sito, ma tale conteggio non sar\u00e0 associato al browser dell&#8217;utente. Tuttavia, \u00e8 importante capire che questo opt-out &hellip; Continue reading &quot;opt-out&quot;\" \/>\n<meta property=\"og:url\" content=\"https:\/\/www.auditel.it\/en\/opt-out\/\" \/>\n<meta property=\"og:site_name\" content=\"Auditel\" \/>\n<meta property=\"article:modified_time\" content=\"2020-03-26T11:43:28+00:00\" \/>\n<meta name=\"twitter:card\" content=\"summary_large_image\" \/>\n<meta name=\"twitter:label1\" content=\"Est. reading time\" \/>\n\t<meta name=\"twitter:data1\" content=\"2 minutes\" \/>\n<script type=\"application\/ld+json\" class=\"yoast-schema-graph\">{\"@context\":\"https:\\\/\\\/schema.org\",\"@graph\":[{\"@type\":\"WebPage\",\"@id\":\"https:\\\/\\\/www.auditel.it\\\/en\\\/opt-out\\\/\",\"url\":\"https:\\\/\\\/www.auditel.it\\\/en\\\/opt-out\\\/\",\"name\":\"opt-out - Auditel\",\"isPartOf\":{\"@id\":\"https:\\\/\\\/www.auditel.it\\\/en\\\/#website\"},\"datePublished\":\"2020-02-24T12:10:35+00:00\",\"dateModified\":\"2020-03-26T11:43:28+00:00\",\"breadcrumb\":{\"@id\":\"https:\\\/\\\/www.auditel.it\\\/en\\\/opt-out\\\/#breadcrumb\"},\"inLanguage\":\"en-US\",\"potentialAction\":[{\"@type\":\"ReadAction\",\"target\":[\"https:\\\/\\\/www.auditel.it\\\/en\\\/opt-out\\\/\"]}]},{\"@type\":\"BreadcrumbList\",\"@id\":\"https:\\\/\\\/www.auditel.it\\\/en\\\/opt-out\\\/#breadcrumb\",\"itemListElement\":[{\"@type\":\"ListItem\",\"position\":1,\"name\":\"Home\",\"item\":\"https:\\\/\\\/www.auditel.it\\\/en\\\/\"},{\"@type\":\"ListItem\",\"position\":2,\"name\":\"opt-out\"}]},{\"@type\":\"WebSite\",\"@id\":\"https:\\\/\\\/www.auditel.it\\\/en\\\/#website\",\"url\":\"https:\\\/\\\/www.auditel.it\\\/en\\\/\",\"name\":\"Auditel\",\"description\":\"\",\"potentialAction\":[{\"@type\":\"SearchAction\",\"target\":{\"@type\":\"EntryPoint\",\"urlTemplate\":\"https:\\\/\\\/www.auditel.it\\\/en\\\/?s={search_term_string}\"},\"query-input\":{\"@type\":\"PropertyValueSpecification\",\"valueRequired\":true,\"valueName\":\"search_term_string\"}}],\"inLanguage\":\"en-US\"}]}<\/script>\n<!-- \/ Yoast SEO plugin. -->","yoast_head_json":{"title":"opt-out - Auditel","robots":{"index":"index","follow":"follow","max-snippet":"max-snippet:-1","max-image-preview":"max-image-preview:large","max-video-preview":"max-video-preview:-1"},"canonical":"https:\/\/www.auditel.it\/en\/opt-out\/","og_locale":"en_US","og_type":"article","og_title":"opt-out - Auditel","og_description":"Explanation text Per confermare la disattivazione della raccolta di dati tramite SDK per la ricerca Auditel \u201cSistema di misurazione dei device digitali\u201d associati al browser, l\u2019utente pu\u00f2 cliccare&nbsp;qui. Auditel continuer\u00e0 a monitorare la connessione del browser a un sito, ma tale conteggio non sar\u00e0 associato al browser dell&#8217;utente. Tuttavia, \u00e8 importante capire che questo opt-out &hellip; Continue reading \"opt-out\"","og_url":"https:\/\/www.auditel.it\/en\/opt-out\/","og_site_name":"Auditel","article_modified_time":"2020-03-26T11:43:28+00:00","twitter_card":"summary_large_image","twitter_misc":{"Est. reading time":"2 minutes"},"schema":{"@context":"https:\/\/schema.org","@graph":[{"@type":"WebPage","@id":"https:\/\/www.auditel.it\/en\/opt-out\/","url":"https:\/\/www.auditel.it\/en\/opt-out\/","name":"opt-out - Auditel","isPartOf":{"@id":"https:\/\/www.auditel.it\/en\/#website"},"datePublished":"2020-02-24T12:10:35+00:00","dateModified":"2020-03-26T11:43:28+00:00","breadcrumb":{"@id":"https:\/\/www.auditel.it\/en\/opt-out\/#breadcrumb"},"inLanguage":"en-US","potentialAction":[{"@type":"ReadAction","target":["https:\/\/www.auditel.it\/en\/opt-out\/"]}]},{"@type":"BreadcrumbList","@id":"https:\/\/www.auditel.it\/en\/opt-out\/#breadcrumb","itemListElement":[{"@type":"ListItem","position":1,"name":"Home","item":"https:\/\/www.auditel.it\/en\/"},{"@type":"ListItem","position":2,"name":"opt-out"}]},{"@type":"WebSite","@id":"https:\/\/www.auditel.it\/en\/#website","url":"https:\/\/www.auditel.it\/en\/","name":"Auditel","description":"","potentialAction":[{"@type":"SearchAction","target":{"@type":"EntryPoint","urlTemplate":"https:\/\/www.auditel.it\/en\/?s={search_term_string}"},"query-input":{"@type":"PropertyValueSpecification","valueRequired":true,"valueName":"search_term_string"}}],"inLanguage":"en-US"}]}},"_links":{"self":[{"href":"https:\/\/www.auditel.it\/en\/wp-json\/wp\/v2\/pages\/1455","targetHints":{"allow":["GET"]}}],"collection":[{"href":"https:\/\/www.auditel.it\/en\/wp-json\/wp\/v2\/pages"}],"about":[{"href":"https:\/\/www.auditel.it\/en\/wp-json\/wp\/v2\/types\/page"}],"author":[{"embeddable":true,"href":"https:\/\/www.auditel.it\/en\/wp-json\/wp\/v2\/users\/1"}],"replies":[{"embeddable":true,"href":"https:\/\/www.auditel.it\/en\/wp-json\/wp\/v2\/comments?post=1455"}],"version-history":[{"count":1,"href":"https:\/\/www.auditel.it\/en\/wp-json\/wp\/v2\/pages\/1455\/revisions"}],"predecessor-version":[{"id":1460,"href":"https:\/\/www.auditel.it\/en\/wp-json\/wp\/v2\/pages\/1455\/revisions\/1460"}],"wp:attachment":[{"href":"https:\/\/www.auditel.it\/en\/wp-json\/wp\/v2\/media?parent=1455"}],"curies":[{"name":"wp","href":"https:\/\/api.w.org\/{rel}","templated":true}]}}